{"id":429,"date":"2018-02-26T18:27:18","date_gmt":"2018-02-26T18:27:18","guid":{"rendered":"http:\/\/blissout.com.ar\/?page_id=429"},"modified":"2026-02-20T14:01:30","modified_gmt":"2026-02-20T17:01:30","slug":"publicidad-en-internet","status":"publish","type":"page","link":"https:\/\/blissout.com.ar\/en\/publicidad-en-internet\/","title":{"rendered":"Digital Ads"},"content":{"rendered":"<p>\r\n<section class=\"sh-section sh-section-df20fd00b87928ac9df872d1c6289f7d fw-main-row sh-section-visibility-everywhere\">\r\n\t\r\n\t\r\n\t<div class=\"sh-section-container container-fluid\">\r\n\t\t<div class=\"fw-row\">\n\t\r\n<div class=\"sh-column sh-column-aae30bdf42ca6cc775be97485960d24e fw-col-xs-12\" >\r\n\r\n\t\r\n\t<div class=\"sh-column-wrapper\">\r\n\t\t\r\n<div id=\"text-block-8537a3beb2e47e24183f1cfcc2738b94\" class=\"sh-text-block\">\r\n\t<h1><img decoding=\"async\" src=\"https:\/\/blissout.com.ar\/wp-content\/uploads\/2018\/10\/marketing.jpg\" alt=\"marketing\" width=\"100%\" height=\"auto\" \/><\/h1><\/div>\r\n\t<\/div>\r\n\r\n\r\n\t\t\r\n\r\n<\/div>\r\n<\/div>\n\n\t<\/div>\r\n<\/section>\r\n\r\n<section class=\"sh-section sh-section-88bf229c5a96f717f2a2d30c37032624 fw-main-row sh-section-visibility-everywhere\">\r\n\t\r\n\t\r\n\t<div class=\"sh-section-container container\">\r\n\t\t<div class=\"fw-row\">\n\t\r\n<div class=\"sh-column sh-column-89139a8bcbbe8ff94168338a8a03545e fw-col-xs-12\" >\r\n\r\n\t\r\n\t<div class=\"sh-column-wrapper\">\r\n\t\t\r\n<div id=\"text-block-bccbf6c5410d75d02d775101efd1494f\" class=\"sh-text-block\">\r\n\t<h1 style=\"text-align: center;\"><span style=\"color: #808080;\">Publicidad Digital<\/span><\/h1><\/div>\r\n\t<\/div>\r\n\r\n\r\n\t\t\r\n\r\n<\/div>\r\n<\/div>\n\n<div class=\"fw-row\">\n\t\r\n<div class=\"sh-column sh-column-89139a8bcbbe8ff94168338a8a03545e fw-col-xs-12\" >\r\n\r\n\t\r\n\t<div class=\"sh-column-wrapper\">\r\n\t\t\r\n<div id=\"text-block-0ca61a707316d199faff1a4aecaf4a07\" class=\"sh-text-block\">\r\n\t<p style=\"color: #808080; font-size: 16px; text-align: justify;\"><strong>En Blissout desarrollamos campa\u00f1as globales de publicidad digital para potenciar la comunicaci\u00f3n de la marca con su p\u00fablico objetivo. La publicidad digital llega a las personas correctas, captando su atenci\u00f3n y obteniendo resultados concretos. Llegar a tu p\u00fablico objetivo es m\u00e1s f\u00e1cil si atr\u00e1s de ello hay una estrategia, anuncios creativos y segmentaci\u00f3n del p\u00fablico adecuado.<\/strong><\/p><p style=\"color: #808080; font-size: 16px; text-align: justify;\"><strong>Desde Blissout no s\u00f3lo aplicamos esos criterios, sino que siempre respaldamos toda esa informaci\u00f3n con informes transparentes: todas las estad\u00edsticas, al alcance de nuestros usuarios.<\/strong><\/p><\/div>\r\n\t<\/div>\r\n\r\n\r\n\t\t\r\n\r\n<\/div>\r\n<\/div>\n\n\t<\/div>\r\n<\/section>\r\n\r\n<section class=\"sh-section sh-section-ce67ed07459cd8b931554b1aa42c8067 fw-main-row sh-section-visibility-everywhere\">\r\n\t\r\n\t\r\n\t<div class=\"sh-section-container container\">\r\n\t\t<div class=\"fw-row\">\n\t\r\n<div class=\"sh-column sh-column-89139a8bcbbe8ff94168338a8a03545e fw-col-xs-12\" >\r\n\r\n\t\r\n\t<div class=\"sh-column-wrapper\">\r\n\t\t\r\n<div id=\"divider-41d753fbfb8bd835259269012ebd7054\" class=\"sh-divider sh-divider-center sh-divider-content-none\">\r\n\t\t\t<div class=\"sh-divider-line\"><\/div>\r\n\t<\/div>\r\n\t<\/div>\r\n\r\n\r\n\t\t\r\n\r\n<\/div>\r\n<\/div>\n\n<div class=\"fw-row\">\n\t\r\n<div class=\"sh-column sh-column-89139a8bcbbe8ff94168338a8a03545e fw-col-xs-12\" >\r\n\r\n\t\r\n\t<div class=\"sh-column-wrapper\">\r\n\t\t\r\n<div id=\"text-block-05f5b9813b3275c5f684e6c9e2f3dbd4\" class=\"sh-text-block\">\r\n\t<h1 style=\"text-align: center;\"><span style=\"color: #808080;\">Posicionamiento\u00a0<\/span><\/h1><\/div>\r\n\t<\/div>\r\n\r\n\r\n\t\t\r\n\r\n<\/div>\r\n<\/div>\n\n<div class=\"fw-row\">\n\t\r\n<div class=\"sh-column sh-column-41e6e27f448e586f84302e79a4728a29 fw-col-xs-12 fw-col-sm-6\" >\r\n\r\n\t\r\n\t<div class=\"sh-column-wrapper\">\r\n\t\t\r\n<div id=\"text-block-545afc9f95e9a256f74a044d522ea5fa\" class=\"sh-text-block\">\r\n\t<h2 style=\"color: #f46e9c;\">SEO (Search Engine Optimization)<\/h2><\/div>\r\n\r\n<div id=\"text-block-901e1a2d6af5af4fd41df2a7dbcef3a6\" class=\"sh-text-block\">\r\n\t<div id=\"heading-65bb567e7ebb26efce3875804b1897a8-2\" class=\"panel-heading\" role=\"tab\"><div class=\"sh-table\"><div class=\"sh-table-cell-top sh-accordion-content-cell\"><strong>El SEO (Search Engine Optimization)<\/strong>\u00a0o posicionamiento web es clave para conseguir que tu p\u00e1gina se posicione en los primeros resultados de b\u00fasqueda. Es un tipo de publicidad digital pero de forma org\u00e1nica, en donde se invierte el tiempo y la capacidad de los expertos en lograr los objetivos planteados.<\/div><\/div><\/div><div id=\"collapse-65bb567e7ebb26efce3875804b1897a8-2\" class=\"panel-collapse collapse in\" role=\"tabpanel\" aria-labelledby=\"heading-65bb567e7ebb26efce3875804b1897a8-2\" aria-expanded=\"true\"><div class=\"panel-body\"><div class=\"sh-table\"><div class=\"sh-table-cell-top sh-accordion-content-cell\"><div class=\"fw-page-builder-content\"><p>Sin embargo, es algo muy dif\u00edcil de lograr, y hay pocas empresas dedicadas conscientemente a ello. Para lograr un buen posicionamiento SEO, en Blissout trabajamos con contenidos que sean correctos y cumplan las reglas de los grandes buscadores para el posicionamiento. Se combina la optimizaci\u00f3n de m\u00faltiples atributos de la web, para lograr potenciar tu p\u00e1gina y que sea validada por los bots de b\u00fasqueda.<\/p><\/div><\/div><\/div><\/div><\/div><\/div>\r\n\t<\/div>\r\n\r\n\r\n\t\t\r\n\r\n<\/div>\r\n\r\n<div class=\"sh-column sh-column-1807ca5c9defb53e7f739f0fd129c5fc fw-col-xs-12 fw-col-sm-6\" >\r\n\r\n\t\r\n\t<div class=\"sh-column-wrapper\">\r\n\t\t\r\n<div id=\"text-block-c57e675a01d4861b10bfe7294a50b31c\" class=\"sh-text-block\">\r\n\t<p><img decoding=\"async\" class=\"alignnone  wp-image-1174\" src=\"https:\/\/blissout.com.ar\/wp-content\/uploads\/2018\/10\/seo-marketing-2.jpg\" alt=\"\" width=\"413\" height=\"299\" \/><\/p><\/div>\r\n\t<\/div>\r\n\r\n\r\n\t\t\r\n\r\n<\/div>\r\n<\/div>\n\n<div class=\"fw-row\">\n\t\r\n<div class=\"sh-column sh-column-c2d7bf0f245114aae50a7b8776bf0f0e fw-col-xs-12 fw-col-sm-6\" >\r\n\r\n\t\r\n\t<div class=\"sh-column-wrapper\">\r\n\t\t\r\n<div id=\"text-block-5974a3f65174e6239b41018be78fbbf5\" class=\"sh-text-block\">\r\n\t<p><img decoding=\"async\" src=\"https:\/\/blissout.com.ar\/wp-content\/uploads\/2018\/10\/ad.jpg\" alt=\"Ads\" width=\"100%\" height=\"auto\" \/><\/p><\/div>\r\n\t<\/div>\r\n\r\n\r\n\t\t\r\n\r\n<\/div>\r\n\r\n<div class=\"sh-column sh-column-e9b2c5048dcdd9004e418b4a70b45a88 fw-col-xs-12 fw-col-sm-6\" >\r\n\r\n\t\r\n\t<div class=\"sh-column-wrapper\">\r\n\t\t\r\n<div id=\"text-block-5a822649d818a7d7149200dfae9e682d\" class=\"sh-text-block\">\r\n\t<h2 style=\"color: #f46e9c; text-align: left;\">SEM | Google Ads<\/h2><\/div>\r\n\r\n<div id=\"text-block-0dfadde583fd540f1ca8e01ee7986fff\" class=\"sh-text-block\">\r\n\t<p>Una de las mejores formas de generar publicidad digital personalizada es crear campa\u00f1as en<strong> Google Adwords. <\/strong>A trav\u00e9s de las campa\u00f1as de b\u00fasqueda, llegamos verdaderamente al cliente que est\u00e1 buscando tu empresa. As\u00ed, cuando el cliente realiza determinadas b\u00fasquedas de palabras claves, tu marca estar\u00e1 entre los primeros puestos con la denominaci\u00f3n de \u201cAnuncios\u201d.<\/p><p>Tambi\u00e9n se puede generar branding a trav\u00e9s de estrategias en red display. El cliente se encuentra con banners especialmente dise\u00f1ados para captar su atenci\u00f3n a medida que navega por la red. Si ha ingresado a tu p\u00e1gina web previamente, incluso puede visualizar <strong>anuncios de remarketing.<\/strong> Bajo una estrategia de publicidad digital, cada una de estas acciones es la clave para alcanzar los objetivos que tengas. Con anuncios en Google Adwords podr\u00e1s vender m\u00e1s, generar posicionamiento de tu marca, obtener leads, entre otros resultados.<\/p><\/div>\r\n\t<\/div>\r\n\r\n\r\n\t\t\r\n\r\n<\/div>\r\n<\/div>\n\n<div class=\"fw-row\">\n\t\r\n<div class=\"sh-column sh-column-6f08f2d40fcfca9eafe6bc46fd2a96d6 fw-col-xs-12 fw-col-sm-3\" >\r\n\r\n\t\r\n\t<div class=\"sh-column-wrapper\">\r\n\t\t\t<\/div>\r\n\r\n\r\n\t\t\r\n\r\n<\/div>\r\n\r\n<div class=\"sh-column sh-column-280f175d32621467cbac000e3c46cb9c fw-col-xs-12 fw-col-sm-6\" >\r\n\r\n\t\r\n\t<div class=\"sh-column-wrapper\">\r\n\t\t\t<\/div>\r\n\r\n\r\n\t\t\r\n\r\n<\/div>\r\n\r\n<div class=\"sh-column sh-column-75967e42bf9792c6bbe98f71816679f9 fw-col-xs-12 fw-col-sm-3\" >\r\n\r\n\t\r\n\t<div class=\"sh-column-wrapper\">\r\n\t\t\t<\/div>\r\n\r\n\r\n\t\t\r\n\r\n<\/div>\r\n<\/div>\n\n\t<\/div>\r\n<\/section>\r\n\r\n<section class=\"sh-section sh-section-942e58914b755a08a779b5e2e13f75ac fw-main-row sh-section-visibility-everywhere\">\r\n\t\r\n\t\r\n\t<div class=\"sh-section-container container\">\r\n\t\t<div class=\"fw-row\">\n\t\r\n<div class=\"sh-column sh-column-89139a8bcbbe8ff94168338a8a03545e fw-col-xs-12\" >\r\n\r\n\t\r\n\t<div class=\"sh-column-wrapper\">\r\n\t\t\r\n<div id=\"text-block-029a152e05620c97e0bc1b21f6f3b33f\" class=\"sh-text-block\">\r\n\t<h2 style=\"text-align: center;\"><span style=\"color: #808080; font-size: 30px;\">Clientes<\/span><\/h2><p style=\"text-align: center;\"><\/div>\r\n\t<\/div>\r\n\r\n\r\n\t\t\r\n\r\n<\/div>\r\n<\/div>\n\n<div class=\"fw-row\">\n\t\r\n<div class=\"sh-column sh-column-a1f1dd5b72d3945836abf98eb8abdb98 fw-col-xs-12 fw-col-sm-6\" >\r\n\r\n\t\r\n\t<div class=\"sh-column-wrapper\">\r\n\t\t\r\n<div id=\"single-image-be1e3fd7a72d9db7ed5e43a648a8538a\" class=\"sh-single-image  \">\r\n\t<div class=\"sh-element-margin\">\r\n\r\n\t\t\r\n\t\t\t<div class=\"sh-single-image-container\">\r\n\t\t\t\t\r\n\t\t\t\t\t\t\t\t\t\t\t\t\t\t\t<a href=\"https:\/\/mdzrentacar.com\">\r\n\t\t\t\t\t\r\n\t\t\t\t\t\t\t\t\t\t\t\t\t<img decoding=\"async\" class=\"sh-image-url\" src=\"https:\/\/blissout.com.ar\/wp-content\/uploads\/2024\/01\/mdzrentaacar.png\" alt=\"MDZ! Rent a Car\" \/>\r\n\t\t\t\t\t\t\t\t\t\t\t\t\t\r\n\t\t\t\t\t\t\t\t\t\t\t<\/a>\r\n\t\t\t\t\t\t\t\t\t\r\n\t\t\t\t\t\t\t<\/div>\r\n\r\n\t\t\r\n\t<\/div>\r\n<\/div>\r\n\r\n<div id=\"text-block-cc1b25de5f743a784134e93505278fa0\" class=\"sh-text-block\">\r\n\t<p style=\"text-align: center;\"><a href=\"https:\/\/mdzrentacar.com\">Alquiler de autos en Mendoza<\/a><\/p><\/div>\r\n\t<\/div>\r\n\r\n\r\n\t\t\r\n\r\n<\/div>\r\n\r\n<div class=\"sh-column sh-column-531095d6941586ce59896321745b9a20 fw-col-xs-12 fw-col-sm-6\" >\r\n\r\n\t\r\n\t<div class=\"sh-column-wrapper\">\r\n\t\t\r\n<div id=\"single-image-97db0e6fbf8550f7bceb955a14f18551\" class=\"sh-single-image  \">\r\n\t<div class=\"sh-element-margin\">\r\n\r\n\t\t\r\n\t\t\t<div class=\"sh-single-image-container\">\r\n\t\t\t\t\r\n\t\t\t\t\t\t\t\t\t\t\t\t\t\t\t<a href=\"https:\/\/iscviajes.com\">\r\n\t\t\t\t\t\r\n\t\t\t\t\t\t\t\t\t\t\t\t\t<img decoding=\"async\" class=\"sh-image-url\" src=\"https:\/\/blissout.com.ar\/wp-content\/uploads\/2024\/01\/iscviajes.png\" alt=\"ISC Viajes\" \/>\r\n\t\t\t\t\t\t\t\t\t\t\t\t\t\r\n\t\t\t\t\t\t\t\t\t\t\t<\/a>\r\n\t\t\t\t\t\t\t\t\t\r\n\t\t\t\t\t\t\t<\/div>\r\n\r\n\t\t\r\n\t<\/div>\r\n<\/div>\r\n\r\n<div id=\"text-block-e1efa48eaadf8def3b2ed736fcf2c3a2\" class=\"sh-text-block\">\r\n\t<p style=\"text-align: center;\"><a href=\"https:\/\/iscviajes.com\">Agencia de viajes<\/a><\/p><\/div>\r\n\t<\/div>\r\n\r\n\r\n\t\t\r\n\r\n<\/div>\r\n<\/div>\n\n\t<\/div>\r\n<\/section>\r\n\r\n<section class=\"sh-section sh-section-4e7ca8c9817d6d6ffebc0577f80dfe9b fw-main-row sh-section-visibility-everywhere\" id=\"contacto\">\r\n\t\r\n\t\r\n\t<div class=\"sh-section-container container\">\r\n\t\t<div class=\"fw-row\">\n\t\r\n<div class=\"sh-column sh-column-0ed08a118171403b24ee2bb60b9e9d0c fw-col-xs-12 fw-col-sm-2\" >\r\n\r\n\t\r\n\t<div class=\"sh-column-wrapper\">\r\n\t\t\t<\/div>\r\n\r\n\r\n\t\t\r\n\r\n<\/div>\r\n\r\n<div class=\"sh-column sh-column-96253ae4431cb89578323692817317a1 fw-col-xs-12 fw-col-sm-8\" >\r\n\r\n\t\r\n\t<div class=\"sh-column-wrapper\">\r\n\t\t\r\n<div id=\"text-block-82dee342d7b2fac741fb7e2051cc35f4\" class=\"sh-text-block\">\r\n\t<p style=\"text-align: center;\"><style id=\"wpforms-css-vars-2941\">\n\t\t\t\t#wpforms-2941 {\n\t\t\t\t\n\t\t\t}\n\t\t\t<\/style><div class=\"wpforms-container wpforms-container-full wpforms-render-modern\" id=\"wpforms-2941\"><form id=\"wpforms-form-2941\" class=\"wpforms-validate wpforms-form wpforms-ajax-form\" data-formid=\"2941\" method=\"post\" enctype=\"multipart\/form-data\" action=\"\/en\/wp-json\/wp\/v2\/pages\/429\" data-token=\"3235d051397be85743c816caad354b9f\" data-token-time=\"1775322176\"><noscript class=\"wpforms-error-noscript\">Please enable JavaScript in your browser to complete this form.<\/noscript><div id=\"wpforms-error-noscript\" style=\"display: none;\">Please enable JavaScript in your browser to complete this form.<\/div><div class=\"wpforms-field-container\"><div id=\"wpforms-2941-field_7-container\" class=\"wpforms-field wpforms-field-name\" data-field-id=\"7\"><label class=\"wpforms-field-label wpforms-label-hide\" for=\"wpforms-2941-field_7\" aria-hidden=\"false\">Nombre <span class=\"wpforms-required-label\" aria-hidden=\"true\">*<\/span><\/label><input type=\"text\" id=\"wpforms-2941-field_7\" class=\"wpforms-field-large wpforms-field-required\" name=\"wpforms[fields][7]\" value=\"Nombre\" aria-errormessage=\"wpforms-2941-field_7-error\" required><\/div><div id=\"wpforms-2941-field_4-container\" class=\"wpforms-field wpforms-field-email wpforms-one-half wpforms-first\" data-field-id=\"4\"><label class=\"wpforms-field-label wpforms-label-hide\" for=\"wpforms-2941-field_4\" aria-hidden=\"false\">E-mail <span class=\"wpforms-required-label\" aria-hidden=\"true\">*<\/span><\/label><input type=\"email\" id=\"wpforms-2941-field_4\" class=\"wpforms-field-large wpforms-field-required\" name=\"wpforms[fields][4]\" placeholder=\"E-mail\" spellcheck=\"false\" aria-errormessage=\"wpforms-2941-field_4-error\" required><\/div><div id=\"wpforms-2941-field_3-container\" class=\"wpforms-field wpforms-field-text wpforms-one-half\" data-field-id=\"3\"><label class=\"wpforms-field-label wpforms-label-hide\" for=\"wpforms-2941-field_3\" aria-hidden=\"false\">Tel\u00e9fono <span class=\"wpforms-required-label\" aria-hidden=\"true\">*<\/span><\/label><input type=\"text\" id=\"wpforms-2941-field_3\" class=\"wpforms-field-large wpforms-field-required\" name=\"wpforms[fields][3]\" placeholder=\"Tel\u00e9fono\" aria-errormessage=\"wpforms-2941-field_3-error\" required><\/div>\t\t<div id=\"wpforms-2941-field_1-container\"\n\t\t\tclass=\"wpforms-field wpforms-field-text\"\n\t\t\tdata-field-type=\"text\"\n\t\t\tdata-field-id=\"1\"\n\t\t\t>\n\t\t\t<label class=\"wpforms-field-label\" for=\"wpforms-2941-field_1\" >E-mail Mensaje Nombre<\/label>\n\t\t\t<input type=\"text\" id=\"wpforms-2941-field_1\" class=\"wpforms-field-medium\" name=\"wpforms[fields][1]\" >\n\t\t<\/div>\n\t\t<div id=\"wpforms-2941-field_6-container\" class=\"wpforms-field wpforms-field-textarea\" data-field-id=\"6\"><label class=\"wpforms-field-label wpforms-label-hide\" for=\"wpforms-2941-field_6\" aria-hidden=\"false\">Mensaje <span class=\"wpforms-required-label\" aria-hidden=\"true\">*<\/span><\/label><textarea id=\"wpforms-2941-field_6\" class=\"wpforms-field-large wpforms-field-required\" name=\"wpforms[fields][6]\" placeholder=\"Mensaje\" aria-errormessage=\"wpforms-2941-field_6-error\" required><\/textarea><\/div><script>\n\t\t\t\t( function() {\n\t\t\t\t\tconst style = document.createElement( 'style' );\n\t\t\t\t\tstyle.appendChild( document.createTextNode( '#wpforms-2941-field_1-container { position: absolute !important; overflow: hidden !important; display: inline !important; height: 1px !important; width: 1px !important; z-index: -1000 !important; padding: 0 !important; } #wpforms-2941-field_1-container input { visibility: hidden; } #wpforms-conversational-form-page #wpforms-2941-field_1-container label { counter-increment: none; }' ) );\n\t\t\t\t\tdocument.head.appendChild( style );\n\t\t\t\t\tdocument.currentScript?.remove();\n\t\t\t\t} )();\n\t\t\t<\/script><\/div><!-- .wpforms-field-container --><div class=\"wpforms-recaptcha-container wpforms-is-recaptcha wpforms-is-recaptcha-type-v3\" ><input type=\"hidden\" name=\"wpforms[recaptcha]\" value=\"\"><\/div><div class=\"wpforms-submit-container\" ><input type=\"hidden\" name=\"wpforms[id]\" value=\"2941\"><input type=\"hidden\" name=\"page_title\" value=\"\"><input type=\"hidden\" name=\"page_url\" value=\"https:\/\/blissout.com.ar\/en\/wp-json\/wp\/v2\/pages\/429\"><input type=\"hidden\" name=\"url_referer\" value=\"\"><button type=\"submit\" name=\"wpforms[submit]\" id=\"wpforms-submit-2941\" class=\"wpforms-submit\" data-alt-text=\"Enviando...\" data-submit-text=\"Enviar\" aria-live=\"assertive\" value=\"wpforms-submit\">Enviar<\/button><img decoding=\"async\" src=\"https:\/\/blissout.com.ar\/wp-content\/plugins\/wpforms-lite\/assets\/images\/submit-spin.svg\" class=\"wpforms-submit-spinner\" style=\"display: none;\" width=\"26\" height=\"26\" alt=\"Loading\"><\/div><\/form><\/div>  <!-- .wpforms-container --><\/p><\/div>\r\n\t<\/div>\r\n\r\n\r\n\t\t\r\n\r\n<\/div>\r\n\r\n<div class=\"sh-column sh-column-027031265578a43586b4b3c5a6b6c7e3 fw-col-xs-12 fw-col-sm-2\" >\r\n\r\n\t\r\n\t<div class=\"sh-column-wrapper\">\r\n\t\t\t<\/div>\r\n\r\n\r\n\t\t\r\n\r\n<\/div>\r\n<\/div>\n\n\t<\/div>\r\n<\/section>\r\n<\/p>\n","protected":false},"excerpt":{"rendered":"<p>Publicidad Digital En Blissout desarrollamos campa\u00f1as globales de publicidad digital para potenciar la comunicaci\u00f3n de la marca con su p\u00fablico objetivo. La publicidad digital llega a las personas correctas, captando su atenci\u00f3n y obteniendo resultados concretos. Llegar a tu p\u00fablico objetivo es m\u00e1s f\u00e1cil si&#8230;<\/p>","protected":false},"author":1,"featured_media":0,"parent":0,"menu_order":0,"comment_status":"closed","ping_status":"closed","template":"","meta":{"om_disable_all_campaigns":false,"_uf_show_specific_survey":0,"_uf_disable_surveys":false,"_joinchat":[],"footnotes":""},"class_list":["post-429","page","type-page","status-publish","hentry"],"aioseo_notices":[],"_links":{"self":[{"href":"https:\/\/blissout.com.ar\/en\/wp-json\/wp\/v2\/pages\/429","targetHints":{"allow":["GET"]}}],"collection":[{"href":"https:\/\/blissout.com.ar\/en\/wp-json\/wp\/v2\/pages"}],"about":[{"href":"https:\/\/blissout.com.ar\/en\/wp-json\/wp\/v2\/types\/page"}],"author":[{"embeddable":true,"href":"https:\/\/blissout.com.ar\/en\/wp-json\/wp\/v2\/users\/1"}],"replies":[{"embeddable":true,"href":"https:\/\/blissout.com.ar\/en\/wp-json\/wp\/v2\/comments?post=429"}],"version-history":[{"count":104,"href":"https:\/\/blissout.com.ar\/en\/wp-json\/wp\/v2\/pages\/429\/revisions"}],"predecessor-version":[{"id":3300,"href":"https:\/\/blissout.com.ar\/en\/wp-json\/wp\/v2\/pages\/429\/revisions\/3300"}],"wp:attachment":[{"href":"https:\/\/blissout.com.ar\/en\/wp-json\/wp\/v2\/media?parent=429"}],"curies":[{"name":"wp","href":"https:\/\/api.w.org\/{rel}","templated":true}]}}