{"id":283,"date":"2018-01-15T13:24:06","date_gmt":"2018-01-15T13:24:06","guid":{"rendered":"http:\/\/blissout.com.ar\/?page_id=283"},"modified":"2026-02-20T13:54:30","modified_gmt":"2026-02-20T16:54:30","slug":"nosotros","status":"publish","type":"page","link":"https:\/\/blissout.com.ar\/en\/nosotros\/","title":{"rendered":"Nosotros"},"content":{"rendered":"<p>\r\n<section class=\"sh-section sh-section-b8e790713acc9da8ce42ed086707cdea fw-main-row sh-section-visibility-everywhere\">\r\n\t\r\n\t\r\n\t<div class=\"sh-section-container container\">\r\n\t\t<div class=\"fw-row\">\n\t\r\n<div class=\"sh-column sh-column-f054322b199ec105505758dd87e36789 fw-col-xs-12\" >\r\n\r\n\t\r\n\t<div class=\"sh-column-wrapper\">\r\n\t\t\r\n<div id=\"text-block-03f72d57e0b904f794439ea2297c39dc\" class=\"sh-text-block\">\r\n\t<h2 style=\"text-align: center;\"><span style=\"color: #808080; font-size: 30px;\">TEAM<\/span><\/h2><p style=\"text-align: center;\">Personas comprometidas, Valores compartidos.<\/p><\/div>\r\n\t<\/div>\r\n\r\n\r\n\t\t\r\n\r\n<\/div>\r\n<\/div>\n\n<div class=\"fw-row\">\n\t\r\n<div class=\"sh-column sh-column-f054322b199ec105505758dd87e36789 fw-col-xs-12\" >\r\n\r\n\t\r\n\t<div class=\"sh-column-wrapper\">\r\n\t\t\r\n<div id=\"divider-fd1c2fdffd00d4fc6b9155ae4273e0f6\" class=\"sh-divider sh-divider-center sh-divider-content-none\">\r\n\t\t\t<div class=\"sh-divider-line\"><\/div>\r\n\t<\/div>\r\n\t<\/div>\r\n\r\n\r\n\t\t\r\n\r\n<\/div>\r\n<\/div>\n\n<div class=\"fw-row\">\n\t\r\n<div class=\"sh-column sh-column-29c29d7cb22cc87c3c86d2b11f15355e fw-col-xs-12 fw-col-sm-4\" >\r\n\r\n\t\r\n\t<div class=\"sh-column-wrapper\">\r\n\t\t<div class=\"sh-output-html\">\r\n\t<a href=\"https:\/\/blissout.com.ar\/en\/gastonsuarezduek\/\" class=\"team\" target=\"_blank\"><img decoding=\"async\" src=\"http:\/\/blissout.com.ar\/wp-content\/uploads\/2023\/11\/Gaston.webp\" alt=\"Gast\u00f3n Suarez Duek\" \/>\n<div class=\"texto\">\n<h4>Gast\u00f3n Suarez Duek<\/h4>\n<span>Founder | CEO <\/span>\n<i class=\"fa fa-linkedin\" aria-hidden=\"true\"><\/i>\n<\/div>\n<\/a>\n<\/div>\r\n\t<\/div>\r\n\r\n\r\n\t\t\r\n\r\n<\/div>\r\n\r\n<div class=\"sh-column sh-column-286ce1c4d6806c2c05117d876af91c3c fw-col-xs-12 fw-col-sm-4\" >\r\n\r\n\t\r\n\t<div class=\"sh-column-wrapper\">\r\n\t\t<div class=\"sh-output-html\">\r\n\t<a href=\"\" class=\"team\" target=\"_blank\"><img decoding=\"async\" src=\"http:\/\/blissout.com.ar\/wp-content\/uploads\/2023\/11\/Jose.webp\" alt=\"Josefina Zemborain\" \/>\n<div class=\"texto\">\n<h4>Josefina Zemborain<\/h4>\n<span>General Direction<\/span>\n<\/div>\n<\/a>\n<\/div>\r\n\t<\/div>\r\n\r\n\r\n\t\t\r\n\r\n<\/div>\r\n\r\n<div class=\"sh-column sh-column-51fac4afb6eb6b7dee2d6dc5d99bd9e6 fw-col-xs-12 fw-col-sm-4\" >\r\n\r\n\t\r\n\t<div class=\"sh-column-wrapper\">\r\n\t\t<div class=\"sh-output-html\">\r\n\t<a href=\"\" class=\"team\" target=\"_blank\"><img decoding=\"async\" src=\"http:\/\/blissout.com.ar\/wp-content\/uploads\/2025\/01\/Juli_10_11zon.webp\" alt=\"Juli Savina\" \/>\n<div class=\"texto\">\n<h4>Juli Savina<\/h4>\n<span>Administraci\u00f3n \/ RRHH<\/span>\n<\/div>\n<\/a>\n<\/div>\r\n\t<\/div>\r\n\r\n\r\n\t\t\r\n\r\n<\/div>\r\n<\/div>\n\n<div class=\"fw-row\">\n\t\r\n<div class=\"sh-column sh-column-1d9c5718e4c26bcff14df92aa93adc2b fw-col-xs-12 fw-col-sm-4\" >\r\n\r\n\t\r\n\t<div class=\"sh-column-wrapper\">\r\n\t\t<div class=\"sh-output-html\">\r\n\t<a href=\"\" class=\"team\" target=\"_blank\"><img decoding=\"async\" src=\"http:\/\/blissout.com.ar\/wp-content\/uploads\/2023\/11\/Mati-coria.webp\" alt=\"Matias Coria\" \/>\n<div class=\"texto\">\n<h4>Matias Coria<\/h4>\n<span>Programador Web<\/span>\n<\/div>\n<\/a>\n<\/div>\r\n\t<\/div>\r\n\r\n\r\n\t\t\r\n\r\n<\/div>\r\n\r\n<div class=\"sh-column sh-column-fb57aca46a40a71cd421b4a8642c42a1 fw-col-xs-12 fw-col-sm-4\" >\r\n\r\n\t\r\n\t<div class=\"sh-column-wrapper\">\r\n\t\t<div class=\"sh-output-html\">\r\n\t<a href=\"\" class=\"team\" target=\"_blank\"><img decoding=\"async\" src=\"http:\/\/blissout.com.ar\/wp-content\/uploads\/2025\/01\/China_2_11zon.webp\" alt=\"Julieta Cuenca\" \/>\n<div class=\"texto\">\n<h4>Julieta Cuenca<\/h4>\n<span>Dise\u00f1adora Web<\/span>\n<\/div>\n<\/a>\n<\/div>\r\n\t<\/div>\r\n\r\n\r\n\t\t\r\n\r\n<\/div>\r\n\r\n<div class=\"sh-column sh-column-a834a7b3926ec71419e0ec7b48d105b6 fw-col-xs-12 fw-col-sm-4\" >\r\n\r\n\t\r\n\t<div class=\"sh-column-wrapper\">\r\n\t\t<div class=\"sh-output-html\">\r\n\t<a href=\"\" class=\"team\" target=\"_blank\"><img decoding=\"async\" src=\"http:\/\/blissout.com.ar\/wp-content\/uploads\/2025\/01\/Agustin_4_11zon.webp\" alt=\"Agustin Alvarez\" \/>\n<div class=\"texto\">\n<h4>Agustin Alvarez<\/h4>\n<span>SEO<\/span>\n<\/div>\n<\/a>\n<\/div>\r\n\t<\/div>\r\n\r\n\r\n\t\t\r\n\r\n<\/div>\r\n<\/div>\n\n<div class=\"fw-row\">\n\t\r\n<div class=\"sh-column sh-column-6861a0b2da62020d9b9284fe2b3a5be7 fw-col-xs-12 fw-col-sm-4\" >\r\n\r\n\t\r\n\t<div class=\"sh-column-wrapper\">\r\n\t\t<div class=\"sh-output-html\">\r\n\t<a href=\"\" class=\"team\" target=\"_blank\"><img decoding=\"async\" src=\"http:\/\/blissout.com.ar\/wp-content\/uploads\/2025\/01\/Adrian_5_11zon.webp\" alt=\"Adrian Perez\" \/>\n<div class=\"texto\">\n<h4>Adrian Perez<\/h4>\n<span>Publicidad<\/span>\n<\/div>\n<\/a>\n<\/div>\r\n\t<\/div>\r\n\r\n\r\n\t\t\r\n\r\n<\/div>\r\n\r\n<div class=\"sh-column sh-column-04a019270cce55fc77c77556cd422e30 fw-col-xs-12 fw-col-sm-4\" >\r\n\r\n\t\r\n\t<div class=\"sh-column-wrapper\">\r\n\t\t<div class=\"sh-output-html\">\r\n\t<a href=\"\" class=\"team\" target=\"_blank\"><img decoding=\"async\" src=\"http:\/\/blissout.com.ar\/wp-content\/uploads\/2023\/11\/Juan.webp\" alt=\"Juan Zabala\" \/>\n<div class=\"texto\">\n<h4>Juan Zabala<\/h4>\n<span>Dise\u00f1ador | Productor Audiovisual<\/span>\n<\/div>\n<\/a>\n<\/div>\r\n\t<\/div>\r\n\r\n\r\n\t\t\r\n\r\n<\/div>\r\n\r\n<div class=\"sh-column sh-column-e096d925402f034903e55ccc04b20de8 fw-col-xs-12 fw-col-sm-4\" >\r\n\r\n\t\r\n\t<div class=\"sh-column-wrapper\">\r\n\t\t<div class=\"sh-output-html\">\r\n\t<a href=\"\" class=\"team\" target=\"_blank\"><img decoding=\"async\" src=\"http:\/\/blissout.com.ar\/wp-content\/uploads\/2023\/11\/5.webp\" alt=\"Melisa Prado\" \/>\n<div class=\"texto\">\n<h4>Melisa Prado<\/h4>\n<span>Ejecutiva | CM<\/span>\n<\/div>\n<\/a>\n<\/div>\r\n\t<\/div>\r\n\r\n\r\n\t\t\r\n\r\n<\/div>\r\n<\/div>\n\n<div class=\"fw-row\">\n\t\r\n<div class=\"sh-column sh-column-ef8516b3ee88a110b8a6a53a9b4ec7df fw-col-xs-12 fw-col-sm-4\" >\r\n\r\n\t\r\n\t<div class=\"sh-column-wrapper\">\r\n\t\t<div class=\"sh-output-html\">\r\n\t<a href=\"\" class=\"team\" target=\"_blank\"><img decoding=\"async\" src=\"http:\/\/blissout.com.ar\/wp-content\/uploads\/2025\/01\/Ara_3_11zon.webp\" alt=\"Araceli Andino\" \/>\n<div class=\"texto\">\n<h4>Araceli Andino<\/h4>\n<span>Ejecutiva | CM<\/span>\n<\/div>\n<\/a>\n<\/div>\r\n\t<\/div>\r\n\r\n\r\n\t\t\r\n\r\n<\/div>\r\n\r\n<div class=\"sh-column sh-column-e059c6ab0e0e39372ce1e5f446c54666 fw-col-xs-12 fw-col-sm-4\" >\r\n\r\n\t\r\n\t<div class=\"sh-column-wrapper\">\r\n\t\t<div class=\"sh-output-html\">\r\n\t<a href=\"\" class=\"team\" target=\"_blank\"><img decoding=\"async\" src=\"http:\/\/blissout.com.ar\/wp-content\/uploads\/2025\/01\/Fran_1_11zon.webp\" alt=\"Francesca Di Mella\" \/>\n<div class=\"texto\">\n<h4>Francesca Di Mella<\/h4>\n<span>Ejecutiva | CM<\/span>\n<\/div>\n<\/a>\n<\/div>\r\n\t<\/div>\r\n\r\n\r\n\t\t\r\n\r\n<\/div>\r\n\r\n<div class=\"sh-column sh-column-08cca634ebd2da2775582abed7c8c452 fw-col-xs-12 fw-col-sm-4\" >\r\n\r\n\t\r\n\t<div class=\"sh-column-wrapper\">\r\n\t\t<div class=\"sh-output-html\">\r\n\t<a href=\"\" class=\"team\" target=\"_blank\"><img decoding=\"async\" src=\"http:\/\/blissout.com.ar\/wp-content\/uploads\/2025\/01\/Rocio-Reyes_6_11zon.webp\" alt=\"Rocio Reyes\" \/>\n<div class=\"texto\">\n<h4>Rocio Reyes<\/h4>\n<span>Account Executive and Community Manager<\/span>\n<\/div>\n<\/a>\n<\/div>\r\n\t<\/div>\r\n\r\n\r\n\t\t\r\n\r\n<\/div>\r\n<\/div>\n\n<div class=\"fw-row\">\n\t\r\n<div class=\"sh-column sh-column-d3afb827879643aa4bc3f13771ac6c6f fw-col-xs-12 fw-col-sm-4\" >\r\n\r\n\t\r\n\t<div class=\"sh-column-wrapper\">\r\n\t\t<div class=\"sh-output-html\">\r\n\t<a href=\"\" class=\"team\" target=\"_blank\"><img decoding=\"async\" src=\"http:\/\/blissout.com.ar\/wp-content\/uploads\/2025\/01\/Paloma_9_11zon.webp\" alt=\"Paloma Di Marco\" \/>\n<div class=\"texto\">\n<h4>Paloma Di Marco<\/h4>\n<span>CM | Creativa<\/span>\n<\/div>\n<\/a>\n<\/div>\r\n\t<\/div>\r\n\r\n\r\n\t\t\r\n\r\n<\/div>\r\n\r\n<div class=\"sh-column sh-column-87f680045e4b6c46f4aa9d5eca2f0192 fw-col-xs-12 fw-col-sm-4\" >\r\n\r\n\t\r\n\t<div class=\"sh-column-wrapper\">\r\n\t\t<div class=\"sh-output-html\">\r\n\t<a href=\"\" class=\"team\" target=\"_blank\"><img decoding=\"async\" src=\"http:\/\/blissout.com.ar\/wp-content\/uploads\/2025\/01\/June_7_11zon.webp\" alt=\"Juliana Boffa\" \/>\n<div class=\"texto\">\n<h4>Juliana Boffa<\/h4>\n<span>Graphic Designer<\/span>\n<\/div>\n<\/a>\n<\/div>\r\n\t<\/div>\r\n\r\n\r\n\t\t\r\n\r\n<\/div>\r\n\r\n<div class=\"sh-column sh-column-cb7650775fdb1a7d80c89c4e5e8a29bf fw-col-xs-12 fw-col-sm-4\" >\r\n\r\n\t\r\n\t<div class=\"sh-column-wrapper\">\r\n\t\t<div class=\"sh-output-html\">\r\n\t<a href=\"\" class=\"team\" target=\"_blank\"><img decoding=\"async\" src=\"http:\/\/blissout.com.ar\/wp-content\/uploads\/2025\/01\/Muriel_8_11zon.webp\" alt=\"Muriel Mercau\" \/>\n<div class=\"texto\">\n<h4>Muriel Mercau<\/h4>\n<span>Graphic Designer<\/span>\n<\/div>\n<\/a>\n<\/div>\r\n\t<\/div>\r\n\r\n\r\n\t\t\r\n\r\n<\/div>\r\n<\/div>\n\n\t<\/div>\r\n<\/section>\r\n\r\n<section class=\"sh-section sh-section-9d377769cd891a0535048db614b54e4c fw-main-row sh-section-visibility-everywhere\">\r\n\t\r\n\t\r\n\t<div class=\"sh-section-container container\">\r\n\t\t<div class=\"fw-row\">\n\t\r\n<div class=\"sh-column sh-column-b532ab8749a00d4ca7d562ccfa65ea8a fw-col-xs-12 fw-col-sm-4\" >\r\n\r\n\t\r\n\t<div class=\"sh-column-wrapper\">\r\n\t\t\r\n<div id=\"text-block-da672641dc098000f7ba654f8718d2b3\" class=\"sh-text-block\">\r\n\t<h3 style=\"text-align: left;\"><span style=\"color: #333333;\">\u00a1Subscribe to receive the latest updates from<\/span><br \/>Blissout Marketing Digital!<\/h3><\/div>\r\n\t<\/div>\r\n\r\n\r\n\t\t\r\n\r\n<\/div>\r\n\r\n<div class=\"sh-column sh-column-7a259f46f5799e9a589ef102126aeb4a fw-col-xs-12 fw-col-sm-8\" >\r\n\r\n\t\r\n\t<div class=\"sh-column-wrapper\">\r\n\t\t\r\n<div id=\"text-block-1062c69c2e34a33435b94efaeac32bea\" class=\"sh-text-block\">\r\n\t<p style=\"text-align: center;\"><p class=\"wpcf7-contact-form-not-found\"><strong>Error:<\/strong> Contact form not found.<\/p><\/p><\/div>\r\n\t<\/div>\r\n\r\n\r\n\t\t\r\n\r\n<\/div>\r\n<\/div>\n\n\t<\/div>\r\n<\/section>\r\n\r\n<section class=\"sh-section sh-section-e7af76cfe5fe86aa6599ebb28c9a1b19 fw-main-row sh-section-visibility-everywhere\">\r\n\t\r\n\t\r\n\t<div class=\"sh-section-container container\">\r\n\t\t<div class=\"fw-row\">\n\t\r\n<div class=\"sh-column sh-column-f054322b199ec105505758dd87e36789 fw-col-xs-12\" >\r\n\r\n\t\r\n\t<div class=\"sh-column-wrapper\">\r\n\t\t<div class=\"sh-output-html\">\r\n\t<p>This is simple <strong>HTML output<\/strong><br \/>With some <i>styling<\/i>.<\/b><\/div>\r\n\t<\/div>\r\n\r\n\r\n\t\t\r\n\r\n<\/div>\r\n<\/div>\n\n\t<\/div>\r\n<\/section>\r\n<\/p>","protected":false},"excerpt":{"rendered":"<p>EQUIPOPersonas comprometidas, Valores compartidos. Gast\u00f3n Suarez Duek Founder | CEO Josefina Zemborain Direcci\u00f3n General Juli Savina Administraci\u00f3n \/ RRHH Matias Coria Programador Web Julieta Cuenca Dise\u00f1adora Web Agustin Alvarez SEO Adrian Perez Publicidad Juan Zabala Dise\u00f1ador | Productor Audiovisual Melisa Prado Ejecutiva | CM Araceli&#8230;<\/p>","protected":false},"author":1,"featured_media":0,"parent":0,"menu_order":0,"comment_status":"closed","ping_status":"closed","template":"","meta":{"om_disable_all_campaigns":false,"_uf_show_specific_survey":0,"_uf_disable_surveys":false,"_joinchat":[],"footnotes":""},"class_list":["post-283","page","type-page","status-publish","hentry"],"aioseo_notices":[],"_links":{"self":[{"href":"https:\/\/blissout.com.ar\/en\/wp-json\/wp\/v2\/pages\/283","targetHints":{"allow":["GET"]}}],"collection":[{"href":"https:\/\/blissout.com.ar\/en\/wp-json\/wp\/v2\/pages"}],"about":[{"href":"https:\/\/blissout.com.ar\/en\/wp-json\/wp\/v2\/types\/page"}],"author":[{"embeddable":true,"href":"https:\/\/blissout.com.ar\/en\/wp-json\/wp\/v2\/users\/1"}],"replies":[{"embeddable":true,"href":"https:\/\/blissout.com.ar\/en\/wp-json\/wp\/v2\/comments?post=283"}],"version-history":[{"count":63,"href":"https:\/\/blissout.com.ar\/en\/wp-json\/wp\/v2\/pages\/283\/revisions"}],"predecessor-version":[{"id":3350,"href":"https:\/\/blissout.com.ar\/en\/wp-json\/wp\/v2\/pages\/283\/revisions\/3350"}],"wp:attachment":[{"href":"https:\/\/blissout.com.ar\/en\/wp-json\/wp\/v2\/media?parent=283"}],"curies":[{"name":"wp","href":"https:\/\/api.w.org\/{rel}","templated":true}]}}