{"id":190,"date":"2018-01-14T14:59:27","date_gmt":"2018-01-14T14:59:27","guid":{"rendered":"http:\/\/blissout.com.ar\/?page_id=190"},"modified":"2025-01-27T11:10:51","modified_gmt":"2025-01-27T14:10:51","slug":"cursos-de-marketing-digital","status":"publish","type":"page","link":"https:\/\/blissout.com.ar\/en\/cursos-de-marketing-digital\/","title":{"rendered":"Cursos"},"content":{"rendered":"<p>\r\n<section class=\"sh-section sh-section-df20fd00b87928ac9df872d1c6289f7d fw-main-row sh-section-visibility-everywhere\">\r\n\t\r\n\t\r\n\t<div class=\"sh-section-container container-fluid\">\r\n\t\t<div class=\"fw-row\">\n\t\r\n<div class=\"sh-column sh-column-aae30bdf42ca6cc775be97485960d24e fw-col-xs-12\" >\r\n\r\n\t\r\n\t<div class=\"sh-column-wrapper\">\r\n\t\t\r\n<div id=\"text-block-8537a3beb2e47e24183f1cfcc2738b94\" class=\"sh-text-block\">\r\n\t<p><img decoding=\"async\" src=\"https:\/\/blissout.com.ar\/wp-content\/uploads\/2018\/10\/cursos.jpg\" alt=\"cursos\" width=\"100%\" height=\"auto\" \/><\/p><\/div>\r\n\t<\/div>\r\n\r\n\r\n\t\t\r\n\r\n<\/div>\r\n<\/div>\n\n\t<\/div>\r\n<\/section>\r\n\r\n<section class=\"sh-section sh-section-0c9363e741b307ced8e15354f3bd5178 fw-main-row sh-section-visibility-everywhere\">\r\n\t\r\n\t\r\n\t<div class=\"sh-section-container container\">\r\n\t\t<div class=\"fw-row\">\n\t\r\n<div class=\"sh-column sh-column-5adbc46374d79ac1cb58bf55c160bcb5 fw-col-xs-12\" >\r\n\r\n\t\r\n\t<div class=\"sh-column-wrapper\">\r\n\t\t\r\n<div id=\"text-block-d3bf604f73d963fadde0faae0b21cc84\" class=\"sh-text-block\">\r\n\t<h1 style=\"text-align: center;\"><span style=\"color: #808080;\">Nuevos Cursos de Marketing Digital<\/span><\/h1><p style=\"text-align: center;\"><span style=\"color: #808080; font-size: 21px;\">Hac\u00e9 clic para conocer el programa de cada curso<\/span><\/p><\/div>\r\n\t<\/div>\r\n\r\n\r\n\t\t\r\n\r\n<\/div>\r\n<\/div>\n\n<div class=\"fw-row\">\n\t\r\n<div class=\"sh-column sh-column-5adbc46374d79ac1cb58bf55c160bcb5 fw-col-xs-12\" >\r\n\r\n\t\r\n\t<div class=\"sh-column-wrapper\">\r\n\t\t\r\n<div id=\"divider-61a2875e39bb0e1d4bfbd42a93c951f6\" class=\"sh-divider sh-divider-center sh-divider-content-none\">\r\n\t\t\t<div class=\"sh-divider-line\"><\/div>\r\n\t<\/div>\r\n\t<\/div>\r\n\r\n\r\n\t\t\r\n\r\n<\/div>\r\n<\/div>\n\n<div class=\"fw-row\">\n\t\r\n<div class=\"sh-column sh-column-2880e7f7ca64604b90acb03aa08b2dcc fw-col-xs-12 fw-col-sm-15\" >\r\n\r\n\t\r\n\t<div class=\"sh-column-wrapper\">\r\n\t\t<div class=\"sh-output-html\">\r\n\t<a href=\"https:\/\/blissout.com.ar\/en\/cursos-de-marketing-digital\/redes-sociales\/\" >\n<div class=\"cursosic\"><h2>M\u00f3dulo 1 | Redes Sociales<\/h2>\n<p><!--05 de Septiembre--><\/p>\n<i class=\"fa fa-clock-o\" aria-hidden=\"true\"><\/i>  18 hs\n<\/div>\n<\/a>\n<\/div>\r\n\t<\/div>\r\n\r\n\r\n\t\t\r\n\r\n<\/div>\r\n\r\n<div class=\"sh-column sh-column-666d34e4b2313c76bb66ad442c31d3c7 fw-col-xs-12 fw-col-sm-15\" >\r\n\r\n\t\r\n\t<div class=\"sh-column-wrapper\">\r\n\t\t<div class=\"sh-output-html\">\r\n\t<a href=\"https:\/\/blissout.com.ar\/en\/cursos-de-marketing-digital\/email-marketing\/\" >\n<div class=\"cursosic\"><h2>M\u00f3dulo 2 | E-mail Marketing<\/h2>\n<p>Pronto<\/p>\n<i class=\"fa fa-clock-o\" aria-hidden=\"true\"><\/i>  20 hs\n<\/div>\n<\/a>\n<\/div>\r\n\t<\/div>\r\n\r\n\r\n\t\t\r\n\r\n<\/div>\r\n\r\n<div class=\"sh-column sh-column-597c2be84ece55583a45be0c4f447f85 fw-col-xs-12 fw-col-sm-15\" >\r\n\r\n\t\r\n\t<div class=\"sh-column-wrapper\">\r\n\t\t<div class=\"sh-output-html\">\r\n\t<a href=\"https:\/\/blissout.com.ar\/en\/cursos-de-marketing-digital\/after-effects\/\" >\n<div class=\"cursosic\"><h2>M\u00f3dulo 3 | After Effects<\/h2>\n<p>Pronto<\/p>\n<i class=\"fa fa-clock-o\" aria-hidden=\"true\"><\/i>  20 hs\n<\/div>\n<\/a>\n<\/div>\r\n\t<\/div>\r\n\r\n\r\n\t\t\r\n\r\n<\/div>\r\n\r\n<div class=\"sh-column sh-column-4c1238bdb557a114e3856227959d702a fw-col-xs-12 fw-col-sm-15\" >\r\n\r\n\t\r\n\t<div class=\"sh-column-wrapper\">\r\n\t\t<div class=\"sh-output-html\">\r\n\t<a href=\"https:\/\/blissout.com.ar\/en\/cursos-de-marketing-digital\/google-ads\/\" >\n<div class=\"cursosic\"><h2>M\u00f3dulo 4 | AdWords<\/h2>\n<p>Pronto<\/p>\n<i class=\"fa fa-clock-o\" aria-hidden=\"true\"><\/i>  20 hs\n<\/div>\n<\/a>\n<\/div>\r\n\t<\/div>\r\n\r\n\r\n\t\t\r\n\r\n<\/div>\r\n\r\n<div class=\"sh-column sh-column-1da129b12f14c164aa82cf1836904340 fw-col-xs-12 fw-col-sm-15\" >\r\n\r\n\t\r\n\t<div class=\"sh-column-wrapper\">\r\n\t\t<div class=\"sh-output-html\">\r\n\t<a href=\"https:\/\/blissout.com.ar\/en\/cursos-de-marketing-digital\/adobe-premiere\/\" >\n<div class=\"cursosic\"><h2>M\u00f3dulo 5 | Adobe Premiere Pro<\/h2>\n<p>Pronto<\/p>\n<i class=\"fa fa-clock-o\" aria-hidden=\"true\"><\/i> 20hs\n<\/div>\n<\/a>\n<\/div>\r\n\t<\/div>\r\n\r\n\r\n\t\t\r\n\r\n<\/div>\r\n<\/div>\n\n\t<\/div>\r\n<\/section>\r\n\r\n<section class=\"sh-section sh-section-9d377769cd891a0535048db614b54e4c fw-main-row sh-section-visibility-everywhere\">\r\n\t\r\n\t\r\n\t<div class=\"sh-section-container container\">\r\n\t\t<div class=\"fw-row\">\n\t\r\n<div class=\"sh-column sh-column-b532ab8749a00d4ca7d562ccfa65ea8a fw-col-xs-12 fw-col-sm-4\" >\r\n\r\n\t\r\n\t<div class=\"sh-column-wrapper\">\r\n\t\t\r\n<div id=\"text-block-da672641dc098000f7ba654f8718d2b3\" class=\"sh-text-block\">\r\n\t<h3 style=\"text-align: left;\"><span style=\"color: #333333;\">\u00a1Subscribe to receive the latest updates from<\/span><br \/>Blissout Marketing Digital!<\/h3><\/div>\r\n\t<\/div>\r\n\r\n\r\n\t\t\r\n\r\n<\/div>\r\n\r\n<div class=\"sh-column sh-column-7a259f46f5799e9a589ef102126aeb4a fw-col-xs-12 fw-col-sm-8\" >\r\n\r\n\t\r\n\t<div class=\"sh-column-wrapper\">\r\n\t\t\r\n<div id=\"text-block-1062c69c2e34a33435b94efaeac32bea\" class=\"sh-text-block\">\r\n\t<p style=\"text-align: center;\"><p class=\"wpcf7-contact-form-not-found\"><strong>Error:<\/strong> Contact form not found.<\/p><\/p><\/div>\r\n\t<\/div>\r\n\r\n\r\n\t\t\r\n\r\n<\/div>\r\n<\/div>\n\n\t<\/div>\r\n<\/section>\r\n<\/p>","protected":false},"excerpt":{"rendered":"<p>Nuevos Cursos de Marketing DigitalHac\u00e9 clic para conocer el programa de cada curso M\u00f3dulo 1 | Redes Sociales 18 hs M\u00f3dulo 2 | E-mail Marketing Pronto 20 hs M\u00f3dulo 3 | After Effects Pronto 20 hs M\u00f3dulo 4 | AdWords Pronto 20 hs M\u00f3dulo 5&#8230;<\/p>","protected":false},"author":1,"featured_media":0,"parent":0,"menu_order":0,"comment_status":"closed","ping_status":"closed","template":"","meta":{"om_disable_all_campaigns":false,"_uf_show_specific_survey":0,"_uf_disable_surveys":false,"_joinchat":[],"footnotes":""},"class_list":["post-190","page","type-page","status-publish","hentry"],"aioseo_notices":[],"_links":{"self":[{"href":"https:\/\/blissout.com.ar\/en\/wp-json\/wp\/v2\/pages\/190","targetHints":{"allow":["GET"]}}],"collection":[{"href":"https:\/\/blissout.com.ar\/en\/wp-json\/wp\/v2\/pages"}],"about":[{"href":"https:\/\/blissout.com.ar\/en\/wp-json\/wp\/v2\/types\/page"}],"author":[{"embeddable":true,"href":"https:\/\/blissout.com.ar\/en\/wp-json\/wp\/v2\/users\/1"}],"replies":[{"embeddable":true,"href":"https:\/\/blissout.com.ar\/en\/wp-json\/wp\/v2\/comments?post=190"}],"version-history":[{"count":41,"href":"https:\/\/blissout.com.ar\/en\/wp-json\/wp\/v2\/pages\/190\/revisions"}],"predecessor-version":[{"id":3377,"href":"https:\/\/blissout.com.ar\/en\/wp-json\/wp\/v2\/pages\/190\/revisions\/3377"}],"wp:attachment":[{"href":"https:\/\/blissout.com.ar\/en\/wp-json\/wp\/v2\/media?parent=190"}],"curies":[{"name":"wp","href":"https:\/\/api.w.org\/{rel}","templated":true}]}}